{"id":288,"date":"2020-05-27T14:54:06","date_gmt":"2020-05-27T12:54:06","guid":{"rendered":"https:\/\/barcelona-moto-rent.com\/?page_id=288"},"modified":"2024-07-14T09:31:58","modified_gmt":"2024-07-14T07:31:58","slug":"contact","status":"publish","type":"page","link":"https:\/\/barcelona-moto-rent.com\/es\/contact\/","title":{"rendered":"Contact"},"content":{"rendered":"\t\t<div data-elementor-type=\"wp-page\" data-elementor-id=\"288\" class=\"elementor elementor-288\">\n\t\t\t\t<div class=\"elementor-element elementor-element-2cb348ee e-con-full e-flex e-con e-parent\" data-id=\"2cb348ee\" data-element_type=\"container\">\n\t\t<div class=\"elementor-element elementor-element-9a7fb2 e-con-full e-flex e-con e-child\" data-id=\"9a7fb2\" data-element_type=\"container\">\n\t\t\t\t<div class=\"elementor-element elementor-element-6ca93c58 elementor-widget elementor-widget-wd_text_block\" data-id=\"6ca93c58\" data-element_type=\"widget\" data-widget_type=\"wd_text_block.default\">\n\t\t\t\t<div class=\"elementor-widget-container\">\n\t\t\t\t\t\t<link rel=\"stylesheet\" id=\"wd-text-block-css\" href=\"https:\/\/barcelona-moto-rent.com\/wp-content\/themes\/woodmart\/css\/parts\/el-text-block.min.css?ver=7.5.1\" type=\"text\/css\" media=\"all\" \/> \t\t\t\t\t<div class=\"wd-text-block reset-last-child text-left\">\n\t\t\t\n\t\t\t<div data-id=\"c781c00\" data-element_type=\"widget\" data-widget_type=\"heading.default\"><div><h2>Abierto de lunes a s\u00e1bado<\/h2><\/div><\/div><div data-id=\"681acc7\" data-element_type=\"widget\" data-widget_type=\"text-editor.default\"><p dir=\"ltr\" data-placeholder=\"Traducci\u00f3n\"><span style=\"color: #333333;\"><a style=\"color: #333333;\" href=\"https:\/\/www.google.com\/maps?ll=39.573093,2.654934&amp;z=15&amp;t=m&amp;hl=es&amp;gl=ES&amp;mapclient=embed&amp;q=Carrer+de+la+Volta+de+la+Merc%C3%A8,+9+Centre+07002+Palma+Illes+Balears\"><strong style=\"font-size: 16px; text-align: var(--text-align); background-color: var(--wd-main-bgcolor);\">Carrer de la Volta de la Merce, 9 07002 Palma de Mallorca<\/strong><\/a><\/span><\/p><\/div><p><iframe style=\"border: 0;\" src=\"https:\/\/www.google.com\/maps\/embed?pb=!1m18!1m12!1m3!1d3075.401682595436!2d2.6523591764762666!3d39.57309660655259!2m3!1f0!2f0!3f0!3m2!1i1024!2i768!4f13.1!3m3!1m2!1s0x12979253b7c9df43%3A0x2813de477f158f28!2sCarrer%20de%20la%20Volta%20de%20la%20Merc%C3%A8%2C%209%2C%20Centre%2C%2007002%20Palma%2C%20Illes%20Balears!5e0!3m2!1ses!2ses!4v1713594791864!5m2!1ses!2ses\" width=\"600\" height=\"250\" allowfullscreen=\"allowfullscreen\"><\/iframe><\/p><p><span style=\"color: #333333;\"><a style=\"color: #333333;\" href=\"https:\/\/www.google.com\/maps?ll=41.392028,2.170142&amp;z=15&amp;t=m&amp;hl=es&amp;gl=ES&amp;mapclient=embed&amp;cid=1007328237734732693\"><strong>Carrer de Roger de Ll\u00faria, 31, L'Eixample, 08009 Barcelona\u00a0<\/strong><\/a><\/span><\/p><p><iframe style=\"border: 0;\" src=\"https:\/\/www.google.com\/maps\/embed?pb=!1m18!1m12!1m3!1d2993.1737778033025!2d2.1675668765431473!3d41.39203229570631!2m3!1f0!2f0!3f0!3m2!1i1024!2i768!4f13.1!3m3!1m2!1s0x12a4a2ee0d60eca7%3A0xdfabfb1f6662395!2sBarcelona%20Moto%20Rent!5e0!3m2!1ses!2ses!4v1714838043763!5m2!1ses!2ses\" width=\"600\" height=\"250\" allowfullscreen=\"allowfullscreen\"><\/iframe><\/p>\n\t\t\t\t\t<\/div>\n\t\t\t\t<\/div>\n\t\t\t\t<\/div>\n\t\t\t\t<\/div>\n\t\t<div class=\"elementor-element elementor-element-5dd06fe3 e-con-full e-flex e-con e-child\" data-id=\"5dd06fe3\" data-element_type=\"container\">\n\t\t\t\t<div class=\"elementor-element elementor-element-3994f34f elementor-widget elementor-widget-spacer\" data-id=\"3994f34f\" data-element_type=\"widget\" data-widget_type=\"spacer.default\">\n\t\t\t\t<div class=\"elementor-widget-container\">\n\t\t\t<style>\/*! elementor - v3.23.0 - 05-08-2024 *\/\n.elementor-column .elementor-spacer-inner{height:var(--spacer-size)}.e-con{--container-widget-width:100%}.e-con-inner>.elementor-widget-spacer,.e-con>.elementor-widget-spacer{width:var(--container-widget-width,var(--spacer-size));--align-self:var(--container-widget-align-self,initial);--flex-shrink:0}.e-con-inner>.elementor-widget-spacer>.elementor-widget-container,.e-con>.elementor-widget-spacer>.elementor-widget-container{height:100%;width:100%}.e-con-inner>.elementor-widget-spacer>.elementor-widget-container>.elementor-spacer,.e-con>.elementor-widget-spacer>.elementor-widget-container>.elementor-spacer{height:100%}.e-con-inner>.elementor-widget-spacer>.elementor-widget-container>.elementor-spacer>.elementor-spacer-inner,.e-con>.elementor-widget-spacer>.elementor-widget-container>.elementor-spacer>.elementor-spacer-inner{height:var(--container-widget-height,var(--spacer-size))}.e-con-inner>.elementor-widget-spacer.elementor-widget-empty,.e-con>.elementor-widget-spacer.elementor-widget-empty{position:relative;min-height:22px;min-width:22px}.e-con-inner>.elementor-widget-spacer.elementor-widget-empty .elementor-widget-empty-icon,.e-con>.elementor-widget-spacer.elementor-widget-empty .elementor-widget-empty-icon{position:absolute;top:0;bottom:0;left:0;right:0;margin:auto;padding:0;width:22px;height:22px}<\/style>\t\t<div class=\"elementor-spacer\">\n\t\t\t<div class=\"elementor-spacer-inner\"><\/div>\n\t\t<\/div>\n\t\t\t\t<\/div>\n\t\t\t\t<\/div>\n\t\t\t\t<div class=\"elementor-element elementor-element-11fb5477 wd-width-100 elementor-widget elementor-widget-wd_title\" data-id=\"11fb5477\" data-element_type=\"widget\" data-widget_type=\"wd_title.default\">\n\t\t\t\t<div class=\"elementor-widget-container\">\n\t\t\t\t\t\t<link rel=\"stylesheet\" id=\"wd-section-title-css\" href=\"https:\/\/barcelona-moto-rent.com\/wp-content\/themes\/woodmart\/css\/parts\/el-section-title.min.css?ver=7.5.1\" type=\"text\/css\" media=\"all\" \/> \t\t\t\t\t<div class=\"title-wrapper set-mb-s reset-last-child wd-title-color-default wd-title-style-default wd-title-size-default text-left\">\n\n\t\t\t\t\t\t\t<div class=\"title-subtitle subtitle-color-default subtitle-style-default wd-fontsize-xs\">\n\t\t\t\t\tEnv\u00edenos un correo electr\u00f3nico a trav\u00e9s del formulario para cualquier pregunta o sugerencia sobre nuestros servicios. Te contestaremos lo mas pronto posible.\t\t\t\t<\/div>\n\t\t\t\n\t\t\t<div class=\"liner-continer\">\n\t\t\t\t<h4 class=\"woodmart-title-container title wd-fontsize-l\">Qu\u00e9 necesitas ?<br \/>\n<\/h4> \n\t\t\t\t\t\t\t<\/div>\n\n\t\t\t\t\t<\/div>\n\t\t\t\t<\/div>\n\t\t\t\t<\/div>\n\t\t\t\t<div class=\"elementor-element elementor-element-9137a49 elementor-widget elementor-widget-wd_contact_form_7\" data-id=\"9137a49\" data-element_type=\"widget\" data-widget_type=\"wd_contact_form_7.default\">\n\t\t\t\t<div class=\"elementor-widget-container\">\n\t\t\t\n<div class=\"wpcf7 no-js\" id=\"wpcf7-f571-o1\" lang=\"fr-FR\" dir=\"ltr\" data-wpcf7-id=\"571\">\n<div class=\"screen-reader-response\"><p role=\"status\" aria-live=\"polite\" aria-atomic=\"true\"><\/p> <ul><\/ul><\/div>\n<form action=\"\/es\/wp-json\/wp\/v2\/pages\/288#wpcf7-f571-o1\" method=\"post\" class=\"wpcf7-form init\" aria-label=\"Formulaire de contact\" novalidate=\"novalidate\" data-status=\"init\">\n<div style=\"display: none;\">\n<input type=\"hidden\" name=\"_wpcf7\" value=\"571\" \/>\n<input type=\"hidden\" name=\"_wpcf7_version\" value=\"6.0.6\" \/>\n<input type=\"hidden\" name=\"_wpcf7_locale\" value=\"fr_FR\" \/>\n<input type=\"hidden\" name=\"_wpcf7_unit_tag\" value=\"wpcf7-f571-o1\" \/>\n<input type=\"hidden\" name=\"_wpcf7_container_post\" value=\"0\" \/>\n<input type=\"hidden\" name=\"_wpcf7_posted_data_hash\" value=\"\" \/>\n<\/div>\n<p><label> Votre nom (obligatoire)<br \/>\n<span class=\"wpcf7-form-control-wrap\" data-name=\"your-name\"><input size=\"40\" maxlength=\"400\" class=\"wpcf7-form-control wpcf7-text wpcf7-validates-as-required\" aria-required=\"true\" aria-invalid=\"false\" value=\"\" type=\"text\" name=\"your-name\" \/><\/span> <\/label>\n<\/p>\n<p><label> Votre adresse de messagerie (obligatoire)<br \/>\n<span class=\"wpcf7-form-control-wrap\" data-name=\"your-email\"><input size=\"40\" maxlength=\"400\" class=\"wpcf7-form-control wpcf7-email wpcf7-validates-as-required wpcf7-text wpcf7-validates-as-email\" aria-required=\"true\" aria-invalid=\"false\" value=\"\" type=\"email\" name=\"your-email\" \/><\/span> <\/label>\n<\/p>\n<p><label> Objet<br \/>\n<span class=\"wpcf7-form-control-wrap\" data-name=\"your-subject\"><input size=\"40\" maxlength=\"400\" class=\"wpcf7-form-control wpcf7-text\" aria-invalid=\"false\" value=\"\" type=\"text\" name=\"your-subject\" \/><\/span> <\/label>\n<\/p>\n<p><label> Votre message<br \/>\n<span class=\"wpcf7-form-control-wrap\" data-name=\"your-message\"><textarea cols=\"40\" rows=\"10\" maxlength=\"2000\" class=\"wpcf7-form-control wpcf7-textarea\" aria-invalid=\"false\" name=\"your-message\"><\/textarea><\/span> <\/label>\n<\/p>\n<p>[anr_nocaptcha g-recaptcha-response]\n<\/p>\n<p><input class=\"wpcf7-form-control wpcf7-submit has-spinner\" type=\"submit\" value=\"Envoyer\" \/>\n<\/p><input type='hidden' class='wpcf7-pum' value='{\"closepopup\":false,\"closedelay\":0,\"openpopup\":false,\"openpopup_id\":0}' \/><div class=\"wpcf7-response-output\" aria-hidden=\"true\"><\/div>\n<\/form>\n<\/div>\n\t\t<\/div>\n\t\t\t\t<\/div>\n\t\t\t\t<\/div>\n\t\t\t\t<\/div>\n\t\t\t\t<\/div>\n\t\t","protected":false},"excerpt":{"rendered":"<p>Abierto de lunes a s\u00e1bado Carrer de la Volta de la Merce, 9 07002 Palma de Mallorca Carrer de Roger<\/p>\n","protected":false},"author":1,"featured_media":0,"parent":0,"menu_order":0,"comment_status":"closed","ping_status":"closed","template":"","meta":{"om_disable_all_campaigns":false,"footnotes":""},"class_list":["post-288","page","type-page","status-publish","hentry"],"aioseo_notices":[],"_links":{"self":[{"href":"https:\/\/barcelona-moto-rent.com\/es\/wp-json\/wp\/v2\/pages\/288"}],"collection":[{"href":"https:\/\/barcelona-moto-rent.com\/es\/wp-json\/wp\/v2\/pages"}],"about":[{"href":"https:\/\/barcelona-moto-rent.com\/es\/wp-json\/wp\/v2\/types\/page"}],"author":[{"embeddable":true,"href":"https:\/\/barcelona-moto-rent.com\/es\/wp-json\/wp\/v2\/users\/1"}],"replies":[{"embeddable":true,"href":"https:\/\/barcelona-moto-rent.com\/es\/wp-json\/wp\/v2\/comments?post=288"}],"version-history":[{"count":39,"href":"https:\/\/barcelona-moto-rent.com\/es\/wp-json\/wp\/v2\/pages\/288\/revisions"}],"predecessor-version":[{"id":1923,"href":"https:\/\/barcelona-moto-rent.com\/es\/wp-json\/wp\/v2\/pages\/288\/revisions\/1923"}],"wp:attachment":[{"href":"https:\/\/barcelona-moto-rent.com\/es\/wp-json\/wp\/v2\/media?parent=288"}],"curies":[{"name":"wp","href":"https:\/\/api.w.org\/{rel}","templated":true}]}}